{"id":8527,"date":"2022-06-14T10:41:36","date_gmt":"2022-06-14T08:41:36","guid":{"rendered":"http:\/\/dorten.simp-it.de\/?page_id=8527"},"modified":"2024-04-22T13:58:13","modified_gmt":"2024-04-22T11:58:13","slug":"schone-tochter-en","status":"publish","type":"page","link":"https:\/\/dorten.com\/en\/references\/schone-tochter-en\/","title":{"rendered":"SCH\u00d6NE T\u00d6CHTER"},"content":{"rendered":"\t\t<div data-elementor-type=\"wp-page\" data-elementor-id=\"8527\" class=\"elementor elementor-8527\" data-elementor-post-type=\"page\">\n\t\t\t\t\t\t<section class=\"elementor-section elementor-top-section elementor-element elementor-element-61df7cc4 elementor-section-full_width elementor-section-height-default elementor-section-height-default\" data-id=\"61df7cc4\" data-element_type=\"section\">\n\t\t\t\t\t\t<div class=\"elementor-container elementor-column-gap-no\">\n\t\t\t\t\t<div class=\"elementor-column elementor-col-100 elementor-top-column elementor-element elementor-element-3c19b7d8\" data-id=\"3c19b7d8\" data-element_type=\"column\">\n\t\t\t<div class=\"elementor-widget-wrap elementor-element-populated\">\n\t\t\t\t\t\t<div class=\"elementor-element elementor-element-2b409e51 elementor-widget elementor-widget-image\" data-id=\"2b409e51\" data-element_type=\"widget\" data-widget_type=\"image.default\">\n\t\t\t\t<div class=\"elementor-widget-container\">\n\t\t\t\t\t\t\t\t\t\t\t\t\t\t\t<img fetchpriority=\"high\" decoding=\"async\" width=\"2560\" height=\"1280\" src=\"https:\/\/dorten.com\/wp-content\/uploads\/2022\/06\/scho\u0308ne_to\u0308chter2-e1678891786733.jpeg\" class=\"attachment-full size-full wp-image-1615\" alt=\"\" srcset=\"https:\/\/dorten.com\/wp-content\/uploads\/2022\/06\/scho\u0308ne_to\u0308chter2-e1678891786733.jpeg 2560w, https:\/\/dorten.com\/wp-content\/uploads\/2022\/06\/scho\u0308ne_to\u0308chter2-e1678891786733-320x160.jpeg 320w, https:\/\/dorten.com\/wp-content\/uploads\/2022\/06\/scho\u0308ne_to\u0308chter2-e1678891786733-1024x512.jpeg 1024w, https:\/\/dorten.com\/wp-content\/uploads\/2022\/06\/scho\u0308ne_to\u0308chter2-e1678891786733-768x384.jpeg 768w, https:\/\/dorten.com\/wp-content\/uploads\/2022\/06\/scho\u0308ne_to\u0308chter2-e1678891786733-1536x768.jpeg 1536w, https:\/\/dorten.com\/wp-content\/uploads\/2022\/06\/scho\u0308ne_to\u0308chter2-e1678891786733-2048x1024.jpeg 2048w\" sizes=\"(max-width: 2560px) 100vw, 2560px\" \/>\t\t\t\t\t\t\t\t\t\t\t\t\t\t\t<\/div>\n\t\t\t\t<\/div>\n\t\t\t\t\t<\/div>\n\t\t<\/div>\n\t\t\t\t\t<\/div>\n\t\t<\/section>\n\t\t\t\t<section class=\"elementor-section elementor-top-section elementor-element elementor-element-591c847b elementor-section-full_width elementor-section-height-default elementor-section-height-default\" data-id=\"591c847b\" data-element_type=\"section\">\n\t\t\t\t\t\t<div class=\"elementor-container elementor-column-gap-default\">\n\t\t\t\t\t<div class=\"elementor-column elementor-col-100 elementor-top-column elementor-element elementor-element-1964924c\" data-id=\"1964924c\" data-element_type=\"column\">\n\t\t\t<div class=\"elementor-widget-wrap elementor-element-populated\">\n\t\t\t\t\t\t<div class=\"elementor-element elementor-element-611a6e4f elementor-widget elementor-widget-heading\" data-id=\"611a6e4f\" data-element_type=\"widget\" data-widget_type=\"heading.default\">\n\t\t\t\t<div class=\"elementor-widget-container\">\n\t\t\t\t\t<h1 class=\"elementor-heading-title elementor-size-default\">SCH\u00d6NE T\u00d6CHTER\n<\/h1>\t\t\t\t<\/div>\n\t\t\t\t<\/div>\n\t\t\t\t\t<\/div>\n\t\t<\/div>\n\t\t\t\t\t<\/div>\n\t\t<\/section>\n\t\t\t\t<section class=\"elementor-section elementor-top-section elementor-element elementor-element-202eb8d7 elementor-section-full_width elementor-section-height-default elementor-section-height-default\" data-id=\"202eb8d7\" data-element_type=\"section\">\n\t\t\t\t\t\t<div class=\"elementor-container elementor-column-gap-default\">\n\t\t\t\t\t<div class=\"elementor-column elementor-col-100 elementor-top-column elementor-element elementor-element-60d189b6\" data-id=\"60d189b6\" data-element_type=\"column\">\n\t\t\t<div class=\"elementor-widget-wrap elementor-element-populated\">\n\t\t\t\t\t\t<div class=\"elementor-element elementor-element-27a620c6 elementor-widget elementor-widget-heading\" data-id=\"27a620c6\" data-element_type=\"widget\" data-widget_type=\"heading.default\">\n\t\t\t\t<div class=\"elementor-widget-container\">\n\t\t\t\t\t<h2 class=\"elementor-heading-title elementor-size-default\">Corporate Design<\/h2>\t\t\t\t<\/div>\n\t\t\t\t<\/div>\n\t\t\t\t\t<\/div>\n\t\t<\/div>\n\t\t\t\t\t<\/div>\n\t\t<\/section>\n\t\t\t\t<section class=\"elementor-section elementor-top-section elementor-element elementor-element-5198baed elementor-section-full_width elementor-section-height-default elementor-section-height-default\" data-id=\"5198baed\" data-element_type=\"section\">\n\t\t\t\t\t\t<div class=\"elementor-container elementor-column-gap-default\">\n\t\t\t\t\t<div class=\"elementor-column elementor-col-100 elementor-top-column elementor-element elementor-element-5984ce94\" data-id=\"5984ce94\" data-element_type=\"column\">\n\t\t\t<div class=\"elementor-widget-wrap elementor-element-populated\">\n\t\t\t\t\t\t<div class=\"elementor-element elementor-element-25f84a15 elementor-widget elementor-widget-text-editor\" data-id=\"25f84a15\" data-element_type=\"widget\" data-widget_type=\"text-editor.default\">\n\t\t\t\t<div class=\"elementor-widget-container\">\n\t\t\t\t\t\t\t\t\t<p>The corporate design is a visual commitment to a special company, because Sch\u00f6ne T\u00f6chter are progressive and approachable at the same time.&nbsp;<\/p>\t\t\t\t\t\t\t\t<\/div>\n\t\t\t\t<\/div>\n\t\t\t\t<div class=\"elementor-element elementor-element-62335c9 elementor-widget elementor-widget-text-editor\" data-id=\"62335c9\" data-element_type=\"widget\" data-widget_type=\"text-editor.default\">\n\t\t\t\t<div class=\"elementor-widget-container\">\n\t\t\t\t\t\t\t\t\t<p>From Reutlingen into the world. When looking for exciting companies, the focus is on digital products and services, as they come from this area themselves. But \u201cdigital\u201d is not the ultimate selection criterion for new projects. What matters is whether it feels good. And when you need them, they are there too \u2013 as a holding company or simply as people. Like parents for their children. Beautiful daughters. Sch\u00f6ne T\u00f6chter.<\/p>\t\t\t\t\t\t\t\t<\/div>\n\t\t\t\t<\/div>\n\t\t\t\t\t<\/div>\n\t\t<\/div>\n\t\t\t\t\t<\/div>\n\t\t<\/section>\n\t\t\t\t<section class=\"elementor-section elementor-top-section elementor-element elementor-element-eaf8e80 elementor-section-full_width elementor-section-height-default elementor-section-height-default\" data-id=\"eaf8e80\" data-element_type=\"section\">\n\t\t\t\t\t\t<div class=\"elementor-container elementor-column-gap-no\">\n\t\t\t\t\t<div class=\"elementor-column elementor-col-50 elementor-top-column elementor-element elementor-element-d8b99cd\" data-id=\"d8b99cd\" data-element_type=\"column\">\n\t\t\t<div class=\"elementor-widget-wrap elementor-element-populated\">\n\t\t\t\t\t\t<div class=\"elementor-element elementor-element-92d77d4 elementor-widget elementor-widget-image\" data-id=\"92d77d4\" data-element_type=\"widget\" data-widget_type=\"image.default\">\n\t\t\t\t<div class=\"elementor-widget-container\">\n\t\t\t\t\t\t\t\t\t\t\t\t\t\t\t<img decoding=\"async\" width=\"2560\" height=\"2000\" src=\"https:\/\/dorten.com\/wp-content\/uploads\/2024\/04\/Schoene-Toechter-Stationery-scaled-1.jpg\" class=\"attachment-full size-full wp-image-11740\" alt=\"\" srcset=\"https:\/\/dorten.com\/wp-content\/uploads\/2024\/04\/Schoene-Toechter-Stationery-scaled-1.jpg 2560w, https:\/\/dorten.com\/wp-content\/uploads\/2024\/04\/Schoene-Toechter-Stationery-scaled-1-320x250.jpg 320w, https:\/\/dorten.com\/wp-content\/uploads\/2024\/04\/Schoene-Toechter-Stationery-scaled-1-1024x800.jpg 1024w, https:\/\/dorten.com\/wp-content\/uploads\/2024\/04\/Schoene-Toechter-Stationery-scaled-1-768x600.jpg 768w, https:\/\/dorten.com\/wp-content\/uploads\/2024\/04\/Schoene-Toechter-Stationery-scaled-1-1536x1200.jpg 1536w, https:\/\/dorten.com\/wp-content\/uploads\/2024\/04\/Schoene-Toechter-Stationery-scaled-1-2048x1600.jpg 2048w\" sizes=\"(max-width: 2560px) 100vw, 2560px\" \/>\t\t\t\t\t\t\t\t\t\t\t\t\t\t\t<\/div>\n\t\t\t\t<\/div>\n\t\t\t\t\t<\/div>\n\t\t<\/div>\n\t\t\t\t<div class=\"elementor-column elementor-col-50 elementor-top-column elementor-element elementor-element-b9f135e\" data-id=\"b9f135e\" data-element_type=\"column\">\n\t\t\t<div class=\"elementor-widget-wrap elementor-element-populated\">\n\t\t\t\t\t\t<div class=\"elementor-element elementor-element-5259fbd elementor-widget elementor-widget-image\" data-id=\"5259fbd\" data-element_type=\"widget\" data-widget_type=\"image.default\">\n\t\t\t\t<div class=\"elementor-widget-container\">\n\t\t\t\t\t\t\t\t\t\t\t\t\t\t\t<img decoding=\"async\" width=\"2560\" height=\"1707\" src=\"https:\/\/dorten.com\/wp-content\/uploads\/2024\/04\/Schoene-Toechter-website-leistungen-scaled.jpg\" class=\"attachment-full size-full wp-image-11746\" alt=\"\" srcset=\"https:\/\/dorten.com\/wp-content\/uploads\/2024\/04\/Schoene-Toechter-website-leistungen-scaled.jpg 2560w, https:\/\/dorten.com\/wp-content\/uploads\/2024\/04\/Schoene-Toechter-website-leistungen-320x213.jpg 320w, https:\/\/dorten.com\/wp-content\/uploads\/2024\/04\/Schoene-Toechter-website-leistungen-1024x683.jpg 1024w, https:\/\/dorten.com\/wp-content\/uploads\/2024\/04\/Schoene-Toechter-website-leistungen-768x512.jpg 768w, https:\/\/dorten.com\/wp-content\/uploads\/2024\/04\/Schoene-Toechter-website-leistungen-1536x1024.jpg 1536w, https:\/\/dorten.com\/wp-content\/uploads\/2024\/04\/Schoene-Toechter-website-leistungen-2048x1365.jpg 2048w\" sizes=\"(max-width: 2560px) 100vw, 2560px\" \/>\t\t\t\t\t\t\t\t\t\t\t\t\t\t\t<\/div>\n\t\t\t\t<\/div>\n\t\t\t\t\t<\/div>\n\t\t<\/div>\n\t\t\t\t\t<\/div>\n\t\t<\/section>\n\t\t\t\t<section class=\"elementor-section elementor-top-section elementor-element elementor-element-e949217 elementor-section-full_width elementor-hidden-mobile elementor-section-height-default elementor-section-height-default\" data-id=\"e949217\" data-element_type=\"section\">\n\t\t\t\t\t\t<div class=\"elementor-container elementor-column-gap-default\">\n\t\t\t\t\t<div class=\"elementor-column elementor-col-50 elementor-top-column elementor-element elementor-element-e9c2446\" data-id=\"e9c2446\" data-element_type=\"column\">\n\t\t\t<div class=\"elementor-widget-wrap elementor-element-populated\">\n\t\t\t\t\t\t<div class=\"elementor-element elementor-element-692026e elementor-widget elementor-widget-text-editor\" data-id=\"692026e\" data-element_type=\"widget\" data-widget_type=\"text-editor.default\">\n\t\t\t\t<div class=\"elementor-widget-container\">\n\t\t\t\t\t\t\t\t\t<p>Stationery<\/p>\t\t\t\t\t\t\t\t<\/div>\n\t\t\t\t<\/div>\n\t\t\t\t\t<\/div>\n\t\t<\/div>\n\t\t\t\t<div class=\"elementor-column elementor-col-50 elementor-top-column elementor-element elementor-element-523675d\" data-id=\"523675d\" data-element_type=\"column\">\n\t\t\t<div class=\"elementor-widget-wrap\">\n\t\t\t\t\t\t\t<\/div>\n\t\t<\/div>\n\t\t\t\t\t<\/div>\n\t\t<\/section>\n\t\t\t\t<section class=\"elementor-section elementor-top-section elementor-element elementor-element-4d5ceb85 elementor-section-full_width elementor-section-height-default elementor-section-height-default\" data-id=\"4d5ceb85\" data-element_type=\"section\">\n\t\t\t\t\t\t<div class=\"elementor-container elementor-column-gap-no\">\n\t\t\t\t\t<div class=\"elementor-column elementor-col-100 elementor-top-column elementor-element elementor-element-1d580de\" data-id=\"1d580de\" data-element_type=\"column\">\n\t\t\t<div class=\"elementor-widget-wrap elementor-element-populated\">\n\t\t\t\t\t\t<div class=\"elementor-element elementor-element-8d3eed1 elementor-widget elementor-widget-video\" data-id=\"8d3eed1\" data-element_type=\"widget\" data-settings=\"{&quot;video_type&quot;:&quot;hosted&quot;,&quot;autoplay&quot;:&quot;yes&quot;,&quot;mute&quot;:&quot;yes&quot;,&quot;play_on_mobile&quot;:&quot;yes&quot;,&quot;loop&quot;:&quot;yes&quot;}\" data-widget_type=\"video.default\">\n\t\t\t\t<div class=\"elementor-widget-container\">\n\t\t\t\t\t\t\t<div class=\"e-hosted-video elementor-wrapper elementor-open-inline\">\n\t\t\t\t\t<video class=\"elementor-video\" src=\"https:\/\/dorten.com\/wp-content\/uploads\/2023\/02\/Komp-2_1-1.mp4\" autoplay=\"\" loop=\"\" muted=\"muted\" playsinline=\"\" controlsList=\"nodownload\"><\/video>\n\t\t\t\t<\/div>\n\t\t\t\t\t\t<\/div>\n\t\t\t\t<\/div>\n\t\t\t\t\t<\/div>\n\t\t<\/div>\n\t\t\t\t\t<\/div>\n\t\t<\/section>\n\t\t\t\t<section class=\"elementor-section elementor-top-section elementor-element elementor-element-62fc64e elementor-section-full_width elementor-section-content-middle elementor-section-height-default elementor-section-height-default\" data-id=\"62fc64e\" data-element_type=\"section\">\n\t\t\t\t\t\t<div class=\"elementor-container elementor-column-gap-default\">\n\t\t\t\t\t<div class=\"elementor-column elementor-col-16 elementor-top-column elementor-element elementor-element-4969c4b\" data-id=\"4969c4b\" data-element_type=\"column\">\n\t\t\t<div class=\"elementor-widget-wrap elementor-element-populated\">\n\t\t\t\t\t\t<div class=\"elementor-element elementor-element-c62ef92 elementor-widget elementor-widget-image\" data-id=\"c62ef92\" data-element_type=\"widget\" data-widget_type=\"image.default\">\n\t\t\t\t<div class=\"elementor-widget-container\">\n\t\t\t\t\t\t\t\t\t\t\t\t\t\t\t\t<a href=\"https:\/\/dorten.com\/en\/references\/bmw-group-anniversary-strategy\/\">\n\t\t\t\t\t\t\t<img loading=\"lazy\" decoding=\"async\" width=\"36\" height=\"69\" src=\"https:\/\/dorten.com\/wp-content\/uploads\/2023\/03\/Pfeile-Links-schwarz.svg\" class=\"attachment-large size-large wp-image-6246\" alt=\"\" \/>\t\t\t\t\t\t\t\t<\/a>\n\t\t\t\t\t\t\t\t\t\t\t\t\t\t\t<\/div>\n\t\t\t\t<\/div>\n\t\t\t\t\t<\/div>\n\t\t<\/div>\n\t\t\t\t<div class=\"elementor-column elementor-col-66 elementor-top-column elementor-element elementor-element-bb07116\" data-id=\"bb07116\" data-element_type=\"column\">\n\t\t\t<div class=\"elementor-widget-wrap elementor-element-populated\">\n\t\t\t\t\t\t<div class=\"elementor-element elementor-element-9e7664e elementor-widget elementor-widget-text-editor\" data-id=\"9e7664e\" data-element_type=\"widget\" data-widget_type=\"text-editor.default\">\n\t\t\t\t<div class=\"elementor-widget-container\">\n\t\t\t\t\t\t\t\t\t<p>Do YOU WANT TO LEARN MORE?<br \/>WRITE US:\u00a0<a class=\"c-link\" href=\"mailto:info@dorten.com\" target=\"_blank\" rel=\"noopener noreferrer\" data-stringify-link=\"mailto:info@dorten.com\" data-sk=\"tooltip_parent\" aria-haspopup=\"menu\" aria-expanded=\"false\">info@dorten.com<\/a><\/p>\t\t\t\t\t\t\t\t<\/div>\n\t\t\t\t<\/div>\n\t\t\t\t\t<\/div>\n\t\t<\/div>\n\t\t\t\t<div class=\"elementor-column elementor-col-16 elementor-top-column elementor-element elementor-element-3ef7213\" data-id=\"3ef7213\" data-element_type=\"column\">\n\t\t\t<div class=\"elementor-widget-wrap elementor-element-populated\">\n\t\t\t\t\t\t<div class=\"elementor-element elementor-element-29bdbab elementor-widget elementor-widget-image\" data-id=\"29bdbab\" data-element_type=\"widget\" data-widget_type=\"image.default\">\n\t\t\t\t<div class=\"elementor-widget-container\">\n\t\t\t\t\t\t\t\t\t\t\t\t\t\t\t\t<a href=\"https:\/\/dorten.com\/en\/references\/bmw-art-journey-en\/\">\n\t\t\t\t\t\t\t<img loading=\"lazy\" decoding=\"async\" width=\"36\" height=\"69\" src=\"https:\/\/dorten.com\/wp-content\/uploads\/2023\/03\/Pfeile-Rechts-schwarz.svg\" class=\"attachment-large size-large wp-image-6247\" alt=\"\" \/>\t\t\t\t\t\t\t\t<\/a>\n\t\t\t\t\t\t\t\t\t\t\t\t\t\t\t<\/div>\n\t\t\t\t<\/div>\n\t\t\t\t\t<\/div>\n\t\t<\/div>\n\t\t\t\t\t<\/div>\n\t\t<\/section>\n\t\t\t\t<\/div>\n\t\t","protected":false},"excerpt":{"rendered":"<p>SCH\u00d6NE T\u00d6CHTER Corporate Design The corporate design is a visual commitment to a special company, because Sch\u00f6ne T\u00f6chter are progressive and approachable at the same time.&nbsp; From Reutlingen into the world. When looking for exciting companies, the focus is on digital products and services, as they come from this area themselves. But \u201cdigital\u201d is not &hellip;<\/p>\n<p class=\"read-more\"> <a class=\"\" href=\"https:\/\/dorten.com\/en\/references\/schone-tochter-en\/\"> <span class=\"screen-reader-text\">SCH\u00d6NE T\u00d6CHTER<\/span> Read More &raquo;<\/a><\/p>\n","protected":false},"author":5,"featured_media":0,"parent":8349,"menu_order":0,"comment_status":"closed","ping_status":"closed","template":"elementor_header_footer","meta":{"_acf_changed":false,"site-sidebar-layout":"no-sidebar","site-content-layout":"page-builder","ast-global-header-display":"","ast-main-header-display":"","ast-hfb-above-header-display":"","ast-hfb-below-header-display":"","ast-hfb-mobile-header-display":"","site-post-title":"disabled","ast-breadcrumbs-content":"","ast-featured-img":"disabled","footer-sml-layout":"","theme-transparent-header-meta":"default","adv-header-id-meta":"","stick-header-meta":"","header-above-stick-meta":"","header-main-stick-meta":"","header-below-stick-meta":"","footnotes":""},"class_list":["post-8527","page","type-page","status-publish","hentry"],"acf":[],"yoast_head":"<!-- This site is optimized with the Yoast SEO plugin v26.8 - https:\/\/yoast.com\/product\/yoast-seo-wordpress\/ -->\n<title>SCH\u00d6NE T\u00d6CHTER - Dorten Studios<\/title>\n<meta name=\"description\" content=\"The &quot;Sch\u00f6ne T\u00f6chter&quot; brand founds and accompanies companies that focus on digital products and services - that rocks! And Dorten developed the corporate design.\" \/>\n<meta name=\"robots\" content=\"index, follow, max-snippet:-1, max-image-preview:large, max-video-preview:-1\" \/>\n<link rel=\"canonical\" href=\"https:\/\/dorten.com\/en\/references\/schone-tochter-en\/\" \/>\n<meta property=\"og:locale\" content=\"en_US\" \/>\n<meta property=\"og:type\" content=\"article\" \/>\n<meta property=\"og:title\" content=\"SCH\u00d6NE T\u00d6CHTER - Dorten Studios\" \/>\n<meta property=\"og:description\" content=\"The &quot;Sch\u00f6ne T\u00f6chter&quot; brand founds and accompanies companies that focus on digital products and services - that rocks! And Dorten developed the corporate design.\" \/>\n<meta property=\"og:url\" content=\"https:\/\/dorten.com\/en\/references\/schone-tochter-en\/\" \/>\n<meta property=\"og:site_name\" content=\"Dorten Studios\" \/>\n<meta property=\"article:modified_time\" content=\"2024-04-22T11:58:13+00:00\" \/>\n<meta property=\"og:image\" content=\"https:\/\/dorten.com\/wp-content\/uploads\/2024\/04\/Schoene-Toechter-Stationery-scaled-1.jpg\" \/>\n<meta name=\"twitter:card\" content=\"summary_large_image\" \/>\n<meta name=\"twitter:label1\" content=\"Est. reading time\" \/>\n\t<meta name=\"twitter:data1\" content=\"2 minutes\" \/>\n<script type=\"application\/ld+json\" class=\"yoast-schema-graph\">{\"@context\":\"https:\/\/schema.org\",\"@graph\":[{\"@type\":\"WebPage\",\"@id\":\"https:\/\/dorten.com\/en\/references\/schone-tochter-en\/\",\"url\":\"https:\/\/dorten.com\/en\/references\/schone-tochter-en\/\",\"name\":\"SCH\u00d6NE T\u00d6CHTER - Dorten Studios\",\"isPartOf\":{\"@id\":\"https:\/\/dorten.com\/#website\"},\"primaryImageOfPage\":{\"@id\":\"https:\/\/dorten.com\/en\/references\/schone-tochter-en\/#primaryimage\"},\"image\":{\"@id\":\"https:\/\/dorten.com\/en\/references\/schone-tochter-en\/#primaryimage\"},\"thumbnailUrl\":\"https:\/\/dorten.com\/wp-content\/uploads\/2024\/04\/Schoene-Toechter-Stationery-scaled-1.jpg\",\"datePublished\":\"2022-06-14T08:41:36+00:00\",\"dateModified\":\"2024-04-22T11:58:13+00:00\",\"description\":\"The \\\"Sch\u00f6ne T\u00f6chter\\\" brand founds and accompanies companies that focus on digital products and services - that rocks! And Dorten developed the corporate design.\",\"breadcrumb\":{\"@id\":\"https:\/\/dorten.com\/en\/references\/schone-tochter-en\/#breadcrumb\"},\"inLanguage\":\"en-US\",\"potentialAction\":[{\"@type\":\"ReadAction\",\"target\":[\"https:\/\/dorten.com\/en\/references\/schone-tochter-en\/\"]}]},{\"@type\":\"ImageObject\",\"inLanguage\":\"en-US\",\"@id\":\"https:\/\/dorten.com\/en\/references\/schone-tochter-en\/#primaryimage\",\"url\":\"https:\/\/dorten.com\/wp-content\/uploads\/2024\/04\/Schoene-Toechter-Stationery-scaled-1.jpg\",\"contentUrl\":\"https:\/\/dorten.com\/wp-content\/uploads\/2024\/04\/Schoene-Toechter-Stationery-scaled-1.jpg\"},{\"@type\":\"BreadcrumbList\",\"@id\":\"https:\/\/dorten.com\/en\/references\/schone-tochter-en\/#breadcrumb\",\"itemListElement\":[{\"@type\":\"ListItem\",\"position\":1,\"name\":\"Home\",\"item\":\"https:\/\/dorten.com\/en\/\"},{\"@type\":\"ListItem\",\"position\":2,\"name\":\"References\",\"item\":\"https:\/\/dorten.com\/en\/references\/\"},{\"@type\":\"ListItem\",\"position\":3,\"name\":\"SCH\u00d6NE T\u00d6CHTER\"}]},{\"@type\":\"WebSite\",\"@id\":\"https:\/\/dorten.com\/#website\",\"url\":\"https:\/\/dorten.com\/\",\"name\":\"Dorten Studios\",\"description\":\"\",\"potentialAction\":[{\"@type\":\"SearchAction\",\"target\":{\"@type\":\"EntryPoint\",\"urlTemplate\":\"https:\/\/dorten.com\/?s={search_term_string}\"},\"query-input\":{\"@type\":\"PropertyValueSpecification\",\"valueRequired\":true,\"valueName\":\"search_term_string\"}}],\"inLanguage\":\"en-US\"}]}<\/script>\n<!-- \/ Yoast SEO plugin. -->","yoast_head_json":{"title":"SCH\u00d6NE T\u00d6CHTER - Dorten Studios","description":"The \"Sch\u00f6ne T\u00f6chter\" brand founds and accompanies companies that focus on digital products and services - that rocks! And Dorten developed the corporate design.","robots":{"index":"index","follow":"follow","max-snippet":"max-snippet:-1","max-image-preview":"max-image-preview:large","max-video-preview":"max-video-preview:-1"},"canonical":"https:\/\/dorten.com\/en\/references\/schone-tochter-en\/","og_locale":"en_US","og_type":"article","og_title":"SCH\u00d6NE T\u00d6CHTER - Dorten Studios","og_description":"The \"Sch\u00f6ne T\u00f6chter\" brand founds and accompanies companies that focus on digital products and services - that rocks! And Dorten developed the corporate design.","og_url":"https:\/\/dorten.com\/en\/references\/schone-tochter-en\/","og_site_name":"Dorten Studios","article_modified_time":"2024-04-22T11:58:13+00:00","og_image":[{"url":"https:\/\/dorten.com\/wp-content\/uploads\/2024\/04\/Schoene-Toechter-Stationery-scaled-1.jpg","type":"","width":"","height":""}],"twitter_card":"summary_large_image","twitter_misc":{"Est. reading time":"2 minutes"},"schema":{"@context":"https:\/\/schema.org","@graph":[{"@type":"WebPage","@id":"https:\/\/dorten.com\/en\/references\/schone-tochter-en\/","url":"https:\/\/dorten.com\/en\/references\/schone-tochter-en\/","name":"SCH\u00d6NE T\u00d6CHTER - Dorten Studios","isPartOf":{"@id":"https:\/\/dorten.com\/#website"},"primaryImageOfPage":{"@id":"https:\/\/dorten.com\/en\/references\/schone-tochter-en\/#primaryimage"},"image":{"@id":"https:\/\/dorten.com\/en\/references\/schone-tochter-en\/#primaryimage"},"thumbnailUrl":"https:\/\/dorten.com\/wp-content\/uploads\/2024\/04\/Schoene-Toechter-Stationery-scaled-1.jpg","datePublished":"2022-06-14T08:41:36+00:00","dateModified":"2024-04-22T11:58:13+00:00","description":"The \"Sch\u00f6ne T\u00f6chter\" brand founds and accompanies companies that focus on digital products and services - that rocks! And Dorten developed the corporate design.","breadcrumb":{"@id":"https:\/\/dorten.com\/en\/references\/schone-tochter-en\/#breadcrumb"},"inLanguage":"en-US","potentialAction":[{"@type":"ReadAction","target":["https:\/\/dorten.com\/en\/references\/schone-tochter-en\/"]}]},{"@type":"ImageObject","inLanguage":"en-US","@id":"https:\/\/dorten.com\/en\/references\/schone-tochter-en\/#primaryimage","url":"https:\/\/dorten.com\/wp-content\/uploads\/2024\/04\/Schoene-Toechter-Stationery-scaled-1.jpg","contentUrl":"https:\/\/dorten.com\/wp-content\/uploads\/2024\/04\/Schoene-Toechter-Stationery-scaled-1.jpg"},{"@type":"BreadcrumbList","@id":"https:\/\/dorten.com\/en\/references\/schone-tochter-en\/#breadcrumb","itemListElement":[{"@type":"ListItem","position":1,"name":"Home","item":"https:\/\/dorten.com\/en\/"},{"@type":"ListItem","position":2,"name":"References","item":"https:\/\/dorten.com\/en\/references\/"},{"@type":"ListItem","position":3,"name":"SCH\u00d6NE T\u00d6CHTER"}]},{"@type":"WebSite","@id":"https:\/\/dorten.com\/#website","url":"https:\/\/dorten.com\/","name":"Dorten Studios","description":"","potentialAction":[{"@type":"SearchAction","target":{"@type":"EntryPoint","urlTemplate":"https:\/\/dorten.com\/?s={search_term_string}"},"query-input":{"@type":"PropertyValueSpecification","valueRequired":true,"valueName":"search_term_string"}}],"inLanguage":"en-US"}]}},"_links":{"self":[{"href":"https:\/\/dorten.com\/en\/wp-json\/wp\/v2\/pages\/8527","targetHints":{"allow":["GET"]}}],"collection":[{"href":"https:\/\/dorten.com\/en\/wp-json\/wp\/v2\/pages"}],"about":[{"href":"https:\/\/dorten.com\/en\/wp-json\/wp\/v2\/types\/page"}],"author":[{"embeddable":true,"href":"https:\/\/dorten.com\/en\/wp-json\/wp\/v2\/users\/5"}],"replies":[{"embeddable":true,"href":"https:\/\/dorten.com\/en\/wp-json\/wp\/v2\/comments?post=8527"}],"version-history":[{"count":27,"href":"https:\/\/dorten.com\/en\/wp-json\/wp\/v2\/pages\/8527\/revisions"}],"predecessor-version":[{"id":11755,"href":"https:\/\/dorten.com\/en\/wp-json\/wp\/v2\/pages\/8527\/revisions\/11755"}],"up":[{"embeddable":true,"href":"https:\/\/dorten.com\/en\/wp-json\/wp\/v2\/pages\/8349"}],"wp:attachment":[{"href":"https:\/\/dorten.com\/en\/wp-json\/wp\/v2\/media?parent=8527"}],"curies":[{"name":"wp","href":"https:\/\/api.w.org\/{rel}","templated":true}]}}